{"id":839,"date":"2019-06-14T07:54:01","date_gmt":"2019-06-14T05:54:01","guid":{"rendered":"http:\/\/localhost\/wordpress_cs_CZ\/?page_id=153"},"modified":"2020-03-11T08:46:46","modified_gmt":"2020-03-11T07:46:46","slug":"podminky-pouzivani-webovych-stranek-www-forestis-cz","status":"publish","type":"page","link":"https:\/\/www.forestis.cz\/cz\/?page_id=839&title=podminky-pouzivani-stranek","title":{"rendered":"Podm\u00ednky pou\u017e\u00edv\u00e1n\u00ed str\u00e1nek"},"content":{"rendered":"\n\n\n\n<div class=\"insite-only forestis-indent forestisweb-text-content\">\n<ol id=\"podminky\" class=\"podminky\">\n<li><a href=\"#cookie-1\">Obecn\u00e1 ustanoven\u00ed<\/a><\/li>\n<li><a href=\"#cookie-2\">Autorsk\u00e1 pr\u00e1va a pr\u00e1va k u\u017eit\u00ed<\/a><\/li>\n<li><a href=\"#cookie-3\">Omezen\u00ed odpov\u011bdnosti provozovatele<\/a><\/li>\n<li><a href=\"#cookie-4\">Odkazy na jin\u00e9 internetov\u00e9 str\u00e1nky a reklama t\u0159et\u00edch stran<\/a><\/li>\n<li><a href=\"#cookie-5\">Chov\u00e1n\u00ed u\u017eivatele<\/a><\/li>\n<!--li><a href=\"#cookie-6\">Ochrana osobn\u00edch \u00fadaj\u016f<\/a><\/li-->\n<li><a href=\"#cookie-7\">Z\u00e1v\u011bre\u010dn\u00e1 ustanoven\u00ed<\/a><\/li><\/ol>\n<\/div>\n\n\n\n<h3 class=\"forestis-typo__align--center\">Obecn\u00e1 ustanoven\u00ed<\/h3>\n<a href=\"#top\"><span id=\"cookie-1\" class=\"kotva fa fa-chevron-circle-up\">&nbsp;<\/span><\/a>\n\n\n\n<p>Vlastn\u00edkem a provozovatelem internetov\u00fdch str\u00e1nek <strong>www.forestis.cz<\/strong> (d\u00e1le jen \u201estr\u00e1nky\u201c) je spole\u010dnost Forestis s.r.o., se s\u00eddlem v Praze 10, Za Po\u0161tou 11, I\u010c 4971 2764, zapsan\u00e1 v obchodn\u00edm rejst\u0159\u00edku u M\u011bstsk\u00e9ho soudu v Praze, odd\u00edl C, vlo\u017eka \u010d. 23153 (d\u00e1le jen \u201eprovozovatel\u201c).<\/p>\n\n\n\n<p>Str\u00e1nky jsou ve\u0159ejn\u011b p\u0159\u00edstupn\u00e9 z adresy www.forestis.cz. Provoz str\u00e1nek, pr\u00e1va a povinnosti provozovatele a u\u017eivatel\u016f se \u0159\u00edd\u00ed t\u011bmito Podm\u00ednkami pou\u017e\u00edv\u00e1n\u00ed str\u00e1nek (d\u00e1le jen \u201ePodm\u00ednky\u201c). Pou\u017e\u00edv\u00e1n\u00ed str\u00e1nek je podm\u00edn\u011bno souhlasem s t\u011bmito Podm\u00ednkami, kter\u00e9 u\u017eivatel vyjad\u0159uje t\u00edm, \u017ee str\u00e1nky pou\u017e\u00edv\u00e1, tj. vstoup\u00ed na str\u00e1nky a u\u017eije jak\u00fdmkoli zp\u016fsobem textov\u00fd nebo obrazov\u00fd obsah str\u00e1nek.<\/p>\n\n\n\n<h3 class=\"forestis-typo__align--center\">Autorsk\u00e1 pr\u00e1va a pr\u00e1va k u\u017eit\u00ed<\/h3>\n<a href=\"#top\"><span id=\"cookie-2\" class=\"kotva fa fa-chevron-circle-up\">&nbsp;<\/span><\/a>\n\n\n\n<p>Provozovatel je opr\u00e1vn\u011bn vykon\u00e1vat ve\u0161ker\u00e1 majetkov\u00e1 pr\u00e1va ke str\u00e1nk\u00e1m podle autorsk\u00e9ho z\u00e1kona (z\u00e1k. \u010d. 121\/2000 Sb., v platn\u00e9m zn\u011bn\u00ed). Provozovateli sv\u011bd\u010d\u00ed ve\u0161ker\u00e1 autorsk\u00e1 pr\u00e1va k vlastn\u00edmu obsahu str\u00e1nek, tj. text\u016fm, obr\u00e1zk\u016fm, n\u00e1\u010drt\u016fm a grafice. Obsah str\u00e1nek nesm\u00ed b\u00fdt bez p\u0159edchoz\u00edho p\u00edsemn\u00e9ho souhlasu provozovatele pozm\u011b\u0148ov\u00e1n, kop\u00edrov\u00e1n, stahov\u00e1n nebo jin\u00fdmi zp\u016fsoby roz\u0161i\u0159ov\u00e1n samostatn\u011b ani jako sou\u010d\u00e1st jin\u00fdch dokument\u016f. Toto ustanoven\u00ed se nevztahuje na  po\u0159izov\u00e1n\u00ed kopi\u00ed k soukrom\u00fdm nekomer\u010dn\u00edm \u00fa\u010del\u016fm za p\u0159edpokladu, \u017ee t\u00edmto nedoch\u00e1z\u00ed po\u0161kozov\u00e1n\u00ed autorsk\u00fdch pr\u00e1v provozovatele nebo t\u0159et\u00edch stran, kter\u00e9 poskytly provozovateli pr\u00e1vo k u\u017eit\u00ed sv\u00fdch autorsk\u00fdch d\u011bl na t\u011bchto str\u00e1nk\u00e1ch. <\/p>\n\n\n\n<h3 class=\"forestis-typo__align--center\">Omezen\u00ed odpov\u011bdnosti provozovatele<\/h3>\n<a href=\"#top\"><span id=\"cookie-3\" class=\"kotva fa fa-chevron-circle-up\">&nbsp;<\/span><\/a>\n\n\n\n<p> Provozovatel neru\u010d\u00ed za spr\u00e1vnost a \u00faplnost informac\u00ed na str\u00e1nk\u00e1ch. Zve\u0159ejn\u011bn\u00ed jak\u00fdchkoliv \u00fadaj\u016f a informac\u00ed na str\u00e1nk\u00e1ch, s v\u00fdjimkou t\u011bchto Podm\u00ednek, m\u00e1 pouze informativn\u00ed a nez\u00e1vazn\u00fd charakter a v&nbsp;\u017e\u00e1dn\u00e9m p\u0159\u00edpad\u011b nem\u00e1 povahu pr\u00e1vn\u00edho \u00fakonu sm\u011b\u0159uj\u00edc\u00edho ke vzniku pr\u00e1vn\u00edho vztahu mezi provozovatelem a u\u017eivatelem, pokud nebude v jednotliv\u00fdch p\u0159\u00edpadech v\u00fdslovn\u011b uvedeno jinak. <\/p>\n\n\n\n<p>Provozovatel m\u016f\u017ee kdykoliv bez p\u0159edchoz\u00edho upozorn\u011bn\u00ed prov\u00e1d\u011bt zm\u011bny obsahu str\u00e1nek. <\/p>\n\n\n\n<p>Provozovatel vyv\u00edj\u00ed ve\u0161ker\u00e9 mo\u017en\u00e9 \u00fasil\u00ed, aby uchr\u00e1nil str\u00e1nky p\u0159ed viry, ale nem\u016f\u017ee vydat jakoukoli z\u00e1ruku, \u017ee str\u00e1nky \u017e\u00e1dn\u00e9 viry neobsahuj\u00ed. U\u017eivateli se doporu\u010duje v\u017edy prov\u00e9st p\u0159\u00edslu\u0161n\u00e1 opat\u0159en\u00ed k zaji\u0161t\u011bn\u00ed vlastn\u00ed bezpe\u010dnosti a p\u0159ed stahov\u00e1n\u00edm informac\u00ed, softwaru nebo dokumentace pou\u017e\u00edt antivirov\u00fd program. <\/p>\n\n\n\n<p>Provozovatel nenese \u017e\u00e1dnou odpov\u011bdnost za jak\u00e9koliv p\u0159\u00edpadn\u00e9 \u0161kody, kter\u00e9 u\u017eivatel\u016fm mohou vzniknout v souvislosti s&nbsp;pou\u017e\u00edv\u00e1n\u00edm, omezen\u00edm dostupnosti, p\u0159eru\u0161en\u00edm nebo ukon\u010den\u00edm provozu str\u00e1nek. <\/p>\n\n\n\n<h3 class=\"forestis-typo__align--center\">Odkazy na jin\u00e9 internetov\u00e9 str\u00e1nky a reklama t\u0159et\u00edch stran<\/h3>\n<a href=\"#top\"><span id=\"cookie-4\" class=\"kotva fa fa-chevron-circle-up\">&nbsp;<\/span><\/a>\n\n\n\n<p> Sou\u010d\u00e1st\u00ed obsahu str\u00e1nek mohou b\u00fdt odkazy na internetov\u00e9 str\u00e1nky t\u0159et\u00edch stran. Za obsah t\u011bchto, ani jak\u00fdchkoli jin\u00fdch internetov\u00fdch str\u00e1nek, kter\u00e9 lze prost\u0159ednictv\u00edm str\u00e1nek nav\u0161t\u00edvit, provozovatel neodpov\u00edd\u00e1. <\/p>\n\n\n\n<p>Pokud internetov\u00e9 str\u00e1nky t\u0159et\u00edch stran obsahuj\u00ed odkaz na str\u00e1nky tyto str\u00e1nky, neodpov\u00edd\u00e1 provozovatel za tyto odkazy ani jejich obsah, pokud je p\u0159edem p\u00edsemn\u011b neschv\u00e1lil. <\/p>\n\n\n\n<p>Provozovatel nenese \u017e\u00e1dnou odpov\u011bdnost za reklamu nebo jinou formu marketingov\u00e9 komunikace prov\u00e1d\u011bnou jak\u00fdmkoli t\u0159et\u00edm subjektem prost\u0159ednictv\u00edm str\u00e1nek. <\/p>\n\n\n\n<h3 class=\"forestis-typo__align--center\">Chov\u00e1n\u00ed u\u017eivatele<\/h3>\n<a href=\"#top\"><span id=\"cookie-5\" class=\"kotva fa fa-chevron-circle-up\">&nbsp;<\/span><\/a>\n\n\n\n<p>\nU\u017eivatel se mus\u00ed p\u0159i pou\u017e\u00edv\u00e1n\u00ed str\u00e1nek \u0159\u00eddit platn\u00fdmi pr\u00e1vn\u00edmi p\u0159edpisy \u010cesk\u00e9 republiky a t\u011bmito Podm\u00ednkami. Sou\u010dasn\u011b se zavazuje, \u017ee nebude zejm\u00e9na:\n<\/p>\n\n\n\n<ul class=\"normal wp-block-list\"><li>zasahovat do t\u011bchto str\u00e1nek a ohro\u017eovat bezpe\u010dnost str\u00e1nek pro n\u011bj samotn\u00e9ho i jeho bezpe\u010dnost pro ostatn\u00ed u\u017eivatele, <\/li><li>vyu\u017e\u00edvat str\u00e1nky pro rozes\u00edl\u00e1n\u00ed nevy\u017e\u00e1dan\u00fdch a \u0159et\u011bzov\u00fdch zpr\u00e1v (tzv. spam), <\/li><li>zas\u00edlat na tyto str\u00e1nky zpr\u00e1vy obsahuj\u00edc\u00ed viry nebo nebezpe\u010dn\u00e9 \u010di jinak \u0161kodliv\u00e9 programy,<\/li><li>pokou\u0161et se proniknout na \u00fa\u010dty jin\u00fdch u\u017eivatel\u016f str\u00e1nek,<\/li><li>pokou\u0161et se z\u00edskat p\u0159\u00edstup k t\u011bm \u010d\u00e1stem str\u00e1nek, kter\u00e9 jsou vylou\u010deny z pou\u017e\u00edv\u00e1n\u00ed ve\u0159ejnosti, <\/li><li>\u0161\u00ed\u0159it na str\u00e1nk\u00e1ch zpr\u00e1vy \u010di materi\u00e1ly poru\u0161uj\u00edc\u00ed pr\u00e1vn\u00ed p\u0159edpisy \u010cesk\u00e9 republiky, zejm\u00e9na zpr\u00e1vy \u010di dokumenty, kter\u00e9 zasahuj\u00ed do pr\u00e1v a opr\u00e1vn\u011bn\u00fdch z\u00e1jm\u016f t\u0159et\u00edch osob, zpr\u00e1vy, kter\u00e9 jsou proti lidsk\u00e9 d\u016fstojnosti, maj\u00ed diskrimina\u010dn\u00ed charakter z hlediska pohlav\u00ed, rasy, n\u00e1bo\u017eensk\u00e9ho vyzn\u00e1n\u00ed nebo propaguj\u00ed n\u00e1sil\u00ed \u010di zlo\u010din.<\/li><\/ul>\n\n\n\n<p>U\u017eivatel bere na v\u011bdom\u00ed a souhlas\u00ed s t\u00edm, \u017ee m\u016f\u017ee doj\u00edt k omezen\u00ed dostupnosti, p\u0159eru\u0161en\u00ed nebo ukon\u010den\u00ed provozu str\u00e1nek. <\/p>\n\n\n\n<h3 class=\"forestis-typo__align--center\">Ochrana osobn\u00edch \u00fadaj\u016f<\/h3>\n<a href=\"#top\"><span id=\"cookie-6\" class=\"kotva fa fa-chevron-circle-up\">&nbsp;<\/span><\/a>\n\n\n\n\n\n\n<p>P\u0159\u00edstup na str\u00e1nky nebo n\u011bkter\u00e9 slu\u017eby poskytovan\u00e9 provozovatelem na str\u00e1nk\u00e1ch mohou b\u00fdt \u00fapln\u011b \u010di \u010d\u00e1ste\u010dn\u011b podm\u00edn\u011bny poskytnut\u00edm n\u011bkter\u00fdch osobn\u00edch \u00fadaj\u016f u\u017eivatele ve smyslu z\u00e1k. \u010d. 101\/2000 Sb., o ochran\u011b osobn\u00edch \u00fadaj\u016f a Na\u0159\u00edzen\u00ed Evropsk\u00e9ho parlamentu a Rady (EU) \u010d. 2016\/679 ze dne 27. dubna 2016 o ochran\u011b fyzick\u00fdch osob v souvislosti se zpracov\u00e1n\u00edm osobn\u00edch \u00fadaj\u016f a o voln\u00e9m pohybu t\u011bchto \u00fadaj\u016f. V takov\u00e9m p\u0159\u00edpad\u011b se provozovatel zavazuje s t\u011bmito \u00fadaji nakl\u00e1dat v souladu s v\u00fd\u0161e uveden\u00fdmi pr\u00e1vn\u00edmi p\u0159edpisy a u\u017e\u00edvat je pouze v rozsahu nezbytn\u00e9m pro napln\u011bn\u00ed \u00fa\u010delu, pro kter\u00fd jsou osobn\u00ed \u00fadaje z\u00edsk\u00e1v\u00e1ny a v\u017edy tak, aby zamezil jak\u00e9koliv \u00fajm\u011b osoby, kter\u00e9 se \u00fadaje t\u00fdkaj\u00ed. <\/p>\n\n\n\n<h3 class=\"forestis-typo__align--center\">Z\u00e1v\u011bre\u010dn\u00e1 ustanoven\u00ed<\/h3>\n<a href=\"#top\"><span id=\"cookie-7\" class=\"kotva fa fa-chevron-circle-up\">&nbsp;<\/span><\/a>\n\n\n\n<p>\nTyto Podm\u00ednky jsou \u00fa\u010dinn\u00e9 od 1. kv\u011btna 2019. Provozovatel je opr\u00e1vn\u011bn je kdykoli m\u011bnit bez p\u0159edchoz\u00edho upozorn\u011bn\u00ed.\n<\/p>\n\n\n\n<p>\nPro tyto podm\u00ednky pou\u017e\u00edv\u00e1n\u00ed jsou sm\u011brodatn\u00e9 z\u00e1kony \u010cesk\u00e9 republiky. Ve v\u0161ech sporech, kter\u00e9 mohou nastat v souvislosti s pou\u017e\u00edv\u00e1n\u00edm t\u011bchto str\u00e1nek, je m\u00edstem jurisdikce stanovena \u010cesk\u00e1 republika.<\/p>\n","protected":false},"excerpt":{"rendered":"<p>Obecn\u00e1 ustanoven\u00ed Autorsk\u00e1 pr\u00e1va a pr\u00e1va k u\u017eit\u00ed Omezen\u00ed odpov\u011bdnosti provozovatele Odkazy na jin\u00e9 internetov\u00e9 str\u00e1nky a reklama t\u0159et\u00edch stran Chov\u00e1n\u00ed&hellip;","protected":false},"author":3048,"featured_media":4684,"parent":157,"menu_order":0,"comment_status":"closed","ping_status":"closed","template":"page-full_width.php","meta":{"footnotes":""},"class_list":["post-839","page","type-page","status-publish","has-post-thumbnail","hentry"],"_links":{"self":[{"href":"https:\/\/www.forestis.cz\/cz\/index.php?rest_route=\/wp\/v2\/pages\/839","targetHints":{"allow":["GET"]}}],"collection":[{"href":"https:\/\/www.forestis.cz\/cz\/index.php?rest_route=\/wp\/v2\/pages"}],"about":[{"href":"https:\/\/www.forestis.cz\/cz\/index.php?rest_route=\/wp\/v2\/types\/page"}],"author":[{"embeddable":true,"href":"https:\/\/www.forestis.cz\/cz\/index.php?rest_route=\/wp\/v2\/users\/3048"}],"replies":[{"embeddable":true,"href":"https:\/\/www.forestis.cz\/cz\/index.php?rest_route=%2Fwp%2Fv2%2Fcomments&post=839"}],"version-history":[{"count":0,"href":"https:\/\/www.forestis.cz\/cz\/index.php?rest_route=\/wp\/v2\/pages\/839\/revisions"}],"up":[{"embeddable":true,"href":"https:\/\/www.forestis.cz\/cz\/index.php?rest_route=\/wp\/v2\/pages\/157"}],"wp:featuredmedia":[{"embeddable":true,"href":"https:\/\/www.forestis.cz\/cz\/index.php?rest_route=\/wp\/v2\/media\/4684"}],"wp:attachment":[{"href":"https:\/\/www.forestis.cz\/cz\/index.php?rest_route=%2Fwp%2Fv2%2Fmedia&parent=839"}],"curies":[{"name":"wp","href":"https:\/\/api.w.org\/{rel}","templated":true}]}}