{"id":333,"date":"2019-03-14T11:16:10","date_gmt":"2019-03-14T10:16:10","guid":{"rendered":"http:\/\/localhost\/wordpress\/?page_id=333"},"modified":"2021-05-07T10:50:16","modified_gmt":"2021-05-07T09:50:16","slug":"kontakt-2","status":"publish","type":"page","link":"https:\/\/www.forestis.cz\/cz\/?page_id=333&title=kontakt","title":{"rendered":"Kontakt"},"content":{"rendered":"\n\n\n\n<div class=\"wp-block-columns has-2-columns is-layout-flex wp-container-core-columns-is-layout-1 wp-block-columns-is-layout-flex\">\n<div class=\"wp-block-column is-layout-flow wp-block-column-is-layout-flow\">\n<h3 class=\"wp-block-heading\"> Kontaktn\u00ed adresa: <\/h3>\n\n\n\n<p><strong>Forestis s.r.o.<\/strong><br>Za po\u0161tou 11, 100 00 Praha 10<br>I\u010c: 49712764<br>DI\u010c: CZ49712764 <\/p>\n\n\n\n<\/div>\n\n\n\n<div class=\"wp-block-column is-layout-flow wp-block-column-is-layout-flow\">\n<h3 class=\"wp-block-heading\">Komunikace<\/h3>\n\n\n\n<p>Pro komunikaci s n\u00e1mi pou\u017eijte pros\u00edm kontaktn\u00ed formul\u00e1\u0159.&nbsp;<\/p>\n<\/div>\n<\/div>\n\n\n\n<hr class=\"wp-block-separator\"\/>\n\n\n\n<h3 class=\"wp-block-heading\" id=\"kontakt\">KONTAKTN\u00cd FORMUL\u00c1\u0158<\/h3>\n\n\n\n<p>Pro odesl\u00e1n\u00ed formul\u00e1\u0159e je nutno vyplnit polo\u017eky ozna\u010den\u00e9 *.<\/p>\n\n\n\n\n\n<p>[contact-form-7 id=&#8220;2747&#8243; title=&#8220;Forestis email form kontakt&#8220;                                   html_class=&#8220;use-floating-validation-tip&#8220;]<\/p>\n\n\n\n\n\n\n<script>\ndocument.addEventListener( 'wpcf7mailsent', function( event ) {\n    location = '.\/?page_id=333';\n}, false );\n<\/script>\n","protected":false},"excerpt":{"rendered":"<p>Kontaktn\u00ed adresa:<br \/>\nForestis s.r.o.<br \/>\nZa po\u0161tou 11, 100 00 Praha 10<br \/>\nI\u010c: 49712764<br \/>\nDI\u010c: CZ49712764\t\t<\/p>\n","protected":false},"author":3048,"featured_media":4378,"parent":0,"menu_order":0,"comment_status":"closed","ping_status":"closed","template":"page-full_width.php","meta":{"footnotes":""},"class_list":["post-333","page","type-page","status-publish","has-post-thumbnail","hentry"],"_links":{"self":[{"href":"https:\/\/www.forestis.cz\/cz\/index.php?rest_route=\/wp\/v2\/pages\/333","targetHints":{"allow":["GET"]}}],"collection":[{"href":"https:\/\/www.forestis.cz\/cz\/index.php?rest_route=\/wp\/v2\/pages"}],"about":[{"href":"https:\/\/www.forestis.cz\/cz\/index.php?rest_route=\/wp\/v2\/types\/page"}],"author":[{"embeddable":true,"href":"https:\/\/www.forestis.cz\/cz\/index.php?rest_route=\/wp\/v2\/users\/3048"}],"replies":[{"embeddable":true,"href":"https:\/\/www.forestis.cz\/cz\/index.php?rest_route=%2Fwp%2Fv2%2Fcomments&post=333"}],"version-history":[{"count":3,"href":"https:\/\/www.forestis.cz\/cz\/index.php?rest_route=\/wp\/v2\/pages\/333\/revisions"}],"predecessor-version":[{"id":5336,"href":"https:\/\/www.forestis.cz\/cz\/index.php?rest_route=\/wp\/v2\/pages\/333\/revisions\/5336"}],"wp:featuredmedia":[{"embeddable":true,"href":"https:\/\/www.forestis.cz\/cz\/index.php?rest_route=\/wp\/v2\/media\/4378"}],"wp:attachment":[{"href":"https:\/\/www.forestis.cz\/cz\/index.php?rest_route=%2Fwp%2Fv2%2Fmedia&parent=333"}],"curies":[{"name":"wp","href":"https:\/\/api.w.org\/{rel}","templated":true}]}}