{"id":3097,"date":"2019-08-21T14:07:00","date_gmt":"2019-08-21T12:07:00","guid":{"rendered":"http:\/\/localhost\/wordpress_cs_CZ\/?page_id=3097"},"modified":"2020-03-17T10:20:40","modified_gmt":"2020-03-17T09:20:40","slug":"hidden-login-php","status":"publish","type":"page","link":"https:\/\/www.forestis.cz\/cz\/?page_id=3097&title=login-logout","title":{"rendered":"LogIn \/ LogOut"},"content":{"rendered":"<style>\r\n#login_error,.error{animation-iteration-count:2}#login_error,.error{background:#cc3b3b url(.\/wp-content\/_picts\/bg-title_down.png) no-repeat 0 0;border:none!important;z-index:3;padding:.2em 1.4em .2em 2em;top:-30px;left:90px;color:snow}@-webkit-keyframes flashBG{from{background-color:#cc3b3b}to{background-color:black}}@keyframes flashBG{from{background-color:#cc3b3b}to{background-color:black}}.flashBG{-webkit-animation-name:flashBG;animation-name:flashBG}\r\n<\/style>\r\n\r\n<div class=\"container\">\r\n<div class=\"row\" style=\"margin:1em 0;\">\r\n    <div class=\"col-12 login-page\">\r\n \t\r\n        <h1>\r\n    \t\t        <\/h1>\r\n        <form name=\"main-login\" id=\"main-login\" action=\"https:\/\/www.forestis.cz\/cz\/?forestis_wp_login\" method=\"post\"><p class=\"login-username\">\n\t\t\t\t<label for=\"user_login\">U\u017eivatelsk\u00e9 jm\u00e9no nebo email<\/label>\n\t\t\t\t<input type=\"text\" name=\"log\" id=\"user_login\" autocomplete=\"username\" class=\"input\" value=\"\" size=\"20\" \/>\n\t\t\t<\/p><p class=\"login-password\">\n\t\t\t\t<label for=\"user_pass\">Heslo<\/label>\n\t\t\t\t<input type=\"password\" name=\"pwd\" id=\"user_pass\" autocomplete=\"current-password\" spellcheck=\"false\" class=\"input\" value=\"\" size=\"20\" \/>\n\t\t\t<\/p><p class=\"login-remember\"><label><input name=\"rememberme\" type=\"checkbox\" id=\"rememberme\" value=\"forever\" checked=\"checked\" \/> Zapamatovat si m\u011b<\/label><\/p><p class=\"login-submit\">\n\t\t\t\t<input type=\"submit\" name=\"wp-submit\" id=\"wp-submit\" class=\"button button-primary\" value=\"P\u0159ihl\u00e1sit se\" \/>\n\t\t\t\t<input type=\"hidden\" name=\"redirect_to\" value=\"https:\/\/www.forestis.cz\/cz\" \/>\n\t\t\t<\/p><\/form>\r\n\r\n    <\/div>\r\n<\/div>\r\n<\/div>\r\n\t\t\r\n<script>\r\nfunction animateCSS(b,a,e){const d=document.querySelector(b);d.classList.add(\"animated\",a);function c(){d.classList.remove(\"animated\",a);d.removeEventListener(\"animationend\",c);if(typeof e===\"function\"){e()}}d.addEventListener(\"animationend\",c)}function alertoHide(){$(\"#login_error\").delay(3600).hide(\"slower\")};\r\n<\/script>\r\n\r\n\n\n\n\n<p><\/p>\n","protected":false},"excerpt":{"rendered":"","protected":false},"author":3001,"featured_media":4499,"parent":0,"menu_order":0,"comment_status":"closed","ping_status":"closed","template":"page-full_width.php","meta":{"footnotes":""},"class_list":["post-3097","page","type-page","status-publish","has-post-thumbnail","hentry"],"_links":{"self":[{"href":"https:\/\/www.forestis.cz\/cz\/index.php?rest_route=\/wp\/v2\/pages\/3097","targetHints":{"allow":["GET"]}}],"collection":[{"href":"https:\/\/www.forestis.cz\/cz\/index.php?rest_route=\/wp\/v2\/pages"}],"about":[{"href":"https:\/\/www.forestis.cz\/cz\/index.php?rest_route=\/wp\/v2\/types\/page"}],"author":[{"embeddable":true,"href":"https:\/\/www.forestis.cz\/cz\/index.php?rest_route=\/wp\/v2\/users\/3001"}],"replies":[{"embeddable":true,"href":"https:\/\/www.forestis.cz\/cz\/index.php?rest_route=%2Fwp%2Fv2%2Fcomments&post=3097"}],"version-history":[{"count":0,"href":"https:\/\/www.forestis.cz\/cz\/index.php?rest_route=\/wp\/v2\/pages\/3097\/revisions"}],"wp:featuredmedia":[{"embeddable":true,"href":"https:\/\/www.forestis.cz\/cz\/index.php?rest_route=\/wp\/v2\/media\/4499"}],"wp:attachment":[{"href":"https:\/\/www.forestis.cz\/cz\/index.php?rest_route=%2Fwp%2Fv2%2Fmedia&parent=3097"}],"curies":[{"name":"wp","href":"https:\/\/api.w.org\/{rel}","templated":true}]}}