{"id":2661,"date":"2019-06-14T09:10:34","date_gmt":"2019-06-14T07:10:34","guid":{"rendered":"http:\/\/localhost\/wordpress_cs_CZ\/?page_id=161"},"modified":"2020-03-17T10:16:08","modified_gmt":"2020-03-17T09:16:08","slug":"ochrana-osobnich-udaju-2","status":"publish","type":"page","link":"https:\/\/www.forestis.cz\/cz\/?page_id=2661&title=ochrana-osobnich-udaju","title":{"rendered":"Ochrana osobn\u00edch \u00fadaj\u016f"},"content":{"rendered":"\n\n\n\n\n\n\n<p>\nP\u0159\u00edstup na str\u00e1nky nebo n\u011bkter\u00e9 slu\u017eby poskytovan\u00e9 provozovatelem na str\u00e1nk\u00e1ch mohou b\u00fdt \u00fapln\u011b \u010di \u010d\u00e1ste\u010dn\u011b podm\u00edn\u011bny poskytnut\u00edm n\u011bkter\u00fdch osobn\u00edch \u00fadaj\u016f u\u017eivatele ve smyslu z\u00e1k. \u010d. 101\/2000 Sb., o ochran\u011b osobn\u00edch \u00fadaj\u016f a Na\u0159\u00edzen\u00ed Evropsk\u00e9ho parlamentu a Rady (EU) \u010d. 2016\/679 ze dne 27. dubna 2016 o ochran\u011b&nbsp;fyzick\u00fdch osob&nbsp;v souvislosti se zpracov\u00e1n\u00edm&nbsp;osobn\u00edch \u00fadaj\u016f&nbsp;a o voln\u00e9m pohybu t\u011bchto \u00fadaj\u016f. V&nbsp;takov\u00e9m p\u0159\u00edpad\u011b se provozovatel zavazuje s t\u011bmito \u00fadaji nakl\u00e1dat v souladu s&nbsp;v\u00fd\u0161e uveden\u00fdmi pr\u00e1vn\u00edmi p\u0159edpisy a u\u017e\u00edvat je pouze v rozsahu nezbytn\u00e9m pro napln\u011bn\u00ed \u00fa\u010delu, pro kter\u00fd jsou osobn\u00ed \u00fadaje z\u00edsk\u00e1v\u00e1ny a v\u017edy tak, aby zamezil jak\u00e9koliv \u00fajm\u011b osoby, kter\u00e9 se \u00fadaje t\u00fdkaj\u00ed.\n<\/p>\n\n\n","protected":false},"excerpt":{"rendered":"<p>P\u0159\u00edstup na str\u00e1nky nebo n\u011bkter\u00e9 slu\u017eby poskytovan\u00e9 provozovatelem na str\u00e1nk\u00e1ch mohou b\u00fdt \u00fapln\u011b \u010di \u010d\u00e1ste\u010dn\u011b podm\u00edn\u011bny poskytnut\u00edm n\u011bkter\u00fdch&hellip;","protected":false},"author":3048,"featured_media":4684,"parent":157,"menu_order":0,"comment_status":"closed","ping_status":"closed","template":"page-full_width.php","meta":{"footnotes":""},"class_list":["post-2661","page","type-page","status-publish","has-post-thumbnail","hentry"],"_links":{"self":[{"href":"https:\/\/www.forestis.cz\/cz\/index.php?rest_route=\/wp\/v2\/pages\/2661","targetHints":{"allow":["GET"]}}],"collection":[{"href":"https:\/\/www.forestis.cz\/cz\/index.php?rest_route=\/wp\/v2\/pages"}],"about":[{"href":"https:\/\/www.forestis.cz\/cz\/index.php?rest_route=\/wp\/v2\/types\/page"}],"author":[{"embeddable":true,"href":"https:\/\/www.forestis.cz\/cz\/index.php?rest_route=\/wp\/v2\/users\/3048"}],"replies":[{"embeddable":true,"href":"https:\/\/www.forestis.cz\/cz\/index.php?rest_route=%2Fwp%2Fv2%2Fcomments&post=2661"}],"version-history":[{"count":0,"href":"https:\/\/www.forestis.cz\/cz\/index.php?rest_route=\/wp\/v2\/pages\/2661\/revisions"}],"up":[{"embeddable":true,"href":"https:\/\/www.forestis.cz\/cz\/index.php?rest_route=\/wp\/v2\/pages\/157"}],"wp:featuredmedia":[{"embeddable":true,"href":"https:\/\/www.forestis.cz\/cz\/index.php?rest_route=\/wp\/v2\/media\/4684"}],"wp:attachment":[{"href":"https:\/\/www.forestis.cz\/cz\/index.php?rest_route=%2Fwp%2Fv2%2Fmedia&parent=2661"}],"curies":[{"name":"wp","href":"https:\/\/api.w.org\/{rel}","templated":true}]}}