{"id":2504,"date":"2019-05-22T19:04:20","date_gmt":"2019-05-22T17:04:20","guid":{"rendered":"http:\/\/localhost\/wordpress\/?page_id=2504"},"modified":"2021-05-16T13:15:31","modified_gmt":"2021-05-16T12:15:31","slug":"technika-forestis","status":"publish","type":"page","link":"https:\/\/www.forestis.cz\/cz\/?page_id=2504&title=lesnicka-technika-spolecnosti-forestis","title":{"rendered":"Lesnick\u00e1 technika spole\u010dnosti Forestis"},"content":{"rendered":"\n\n\n\n\n\n\n\n\n\n<script>var flickr_data={'photoset_id':'72157706817715311'};<\/script>\n\n\n\n<h4 class=\"wp-block-heading\"><!--\r\n<script src=\"https:\/\/cdnjs.cloudflare.com\/ajax\/libs\/jquery\/3.1.0\/jquery.min.js\"> \/* 85kB *\/<\/script>\r\n... WORDPRESS ma       \\wp-includes\\js\\jquery\\jquery.js   ......     jQuery v1.12.4 | (c)\r\n.... je nutne to prehrat v3.1.0, v2.2.4  nebo vyremovat \/\/jQuery.noConflict();  a  pak to bude fungovat \r\n-->\r\n\r\n<!--script>$.ajax({type:\"GET\",url:\"..\/__zkusebni\/_JSON_example\/flickr-json-get_album_desc.php\",data:flickr_data,success:function(a){$(\"#ajaxphp-results\").html(a)},error:function(a){}});<\/script-->\r\n\r\n<script>jQuery.ajax({type:\"GET\",url:\"..\/__zkusebni\/_JSON_example\/flickr-json-get_album_desc.php\",data:flickr_data,success:function(a){jQuery(\"#ajaxphp-results\").html(a)},error:function(a){}});<\/script>\r\n\r\n<div id=\"ajaxphp-results\"><\/div><\/h4>\n\n\n\n<hr class=\"wp-block-separator\"\/>\n\n\n <div id='gallery-1' class='gallery galleryid-2504 gallery-columns-4 gallery-size-thumbnail'><figure class='gallery-item'>\n\t\t\t<div class='gallery-icon landscape'>\n\t\t\t\t<a href='https:\/\/www.forestis.cz\/cz\/?attachment_id=4050'><img loading=\"lazy\" decoding=\"async\" width=\"200\" height=\"200\" src=\"https:\/\/www.forestis.cz\/cz\/wp-content\/uploads\/2019\/11\/47677345232_896a8b70d0_k-200x200.jpg\" class=\"attachment-thumbnail size-thumbnail\" alt=\"\" aria-describedby=\"gallery-1-4050\" srcset=\"https:\/\/www.forestis.cz\/cz\/wp-content\/uploads\/2019\/11\/47677345232_896a8b70d0_k-200x200.jpg 200w, https:\/\/www.forestis.cz\/cz\/wp-content\/uploads\/2019\/11\/47677345232_896a8b70d0_k-150x150.jpg 150w\" sizes=\"auto, (max-width: 200px) 100vw, 200px\" \/><\/a>\n\t\t\t<\/div>\n\t\t\t\t<figcaption class='wp-caption-text gallery-caption' id='gallery-1-4050'>\n\t\t\t\tLesnick\u00e1 technika spole\u010dnosti Forestis\n\t\t\t\t<\/figcaption><\/figure><figure class='gallery-item'>\n\t\t\t<div class='gallery-icon '>\n\t\t\t\t<a href='https:\/\/www.forestis.cz\/cz\/?attachment_id=5198'><img decoding=\"async\" src=\"https:\/\/live.staticflickr.com\/65535\/47677345232_896a8b70d0_k.jpg\" class=\"attachment-thumbnail size-thumbnail\" alt=\"47677345232_896a8b70d0_k.jpg\" \/><\/a>\n\t\t\t<\/div><\/figure>\n\t\t<\/div>\n \n","protected":false},"excerpt":{"rendered":"<p>Provozujeme lesnickou techniku k prov\u00e1d\u011bn\u00ed pro\u0159ez\u00e1vek, prob\u00edrek a dal\u0161\u00edch p\u011bstebn\u00edch prac\u00ed.<\/p>\n","protected":false},"author":3048,"featured_media":5508,"parent":2497,"menu_order":0,"comment_status":"closed","ping_status":"closed","template":"page-full_width.php","meta":{"footnotes":""},"class_list":["post-2504","page","type-page","status-publish","has-post-thumbnail","hentry"],"_links":{"self":[{"href":"https:\/\/www.forestis.cz\/cz\/index.php?rest_route=\/wp\/v2\/pages\/2504","targetHints":{"allow":["GET"]}}],"collection":[{"href":"https:\/\/www.forestis.cz\/cz\/index.php?rest_route=\/wp\/v2\/pages"}],"about":[{"href":"https:\/\/www.forestis.cz\/cz\/index.php?rest_route=\/wp\/v2\/types\/page"}],"author":[{"embeddable":true,"href":"https:\/\/www.forestis.cz\/cz\/index.php?rest_route=\/wp\/v2\/users\/3048"}],"replies":[{"embeddable":true,"href":"https:\/\/www.forestis.cz\/cz\/index.php?rest_route=%2Fwp%2Fv2%2Fcomments&post=2504"}],"version-history":[{"count":9,"href":"https:\/\/www.forestis.cz\/cz\/index.php?rest_route=\/wp\/v2\/pages\/2504\/revisions"}],"predecessor-version":[{"id":5568,"href":"https:\/\/www.forestis.cz\/cz\/index.php?rest_route=\/wp\/v2\/pages\/2504\/revisions\/5568"}],"up":[{"embeddable":true,"href":"https:\/\/www.forestis.cz\/cz\/index.php?rest_route=\/wp\/v2\/pages\/2497"}],"wp:featuredmedia":[{"embeddable":true,"href":"https:\/\/www.forestis.cz\/cz\/index.php?rest_route=\/wp\/v2\/media\/5508"}],"wp:attachment":[{"href":"https:\/\/www.forestis.cz\/cz\/index.php?rest_route=%2Fwp%2Fv2%2Fmedia&parent=2504"}],"curies":[{"name":"wp","href":"https:\/\/api.w.org\/{rel}","templated":true}]}}