{"id":2500,"date":"2019-05-22T19:01:13","date_gmt":"2019-05-22T17:01:13","guid":{"rendered":"http:\/\/localhost\/wordpress\/?page_id=2500"},"modified":"2021-05-16T13:10:41","modified_gmt":"2021-05-16T12:10:41","slug":"pestebni-cinnost-growing-activity","status":"publish","type":"page","link":"https:\/\/www.forestis.cz\/cz\/?page_id=2500&title=vysadba-drevin-a-pestebni-cinnost","title":{"rendered":"V\u00fdsadba d\u0159evin a p\u011bstebn\u00ed \u010dinnost"},"content":{"rendered":"\n\n\n\n\n\n\n\n\n\n\n\n<div id=\"flickr-results\" style=\"text-align: -webkit-center;\"><h4 id=\"album-title\">Nej\u010dast\u011bji s\u00e1z\u00edme sm\u011bs buku, jedle a&nbsp;douglasky. V&nbsp;men\u0161\u00ed m\u00ed\u0159e dopl\u0148ujeme javor klen a&nbsp;l\u00edpu malolistou. U&nbsp;smrku vyu\u017e\u00edv\u00e1me p\u0159irozen\u00e9 zmlazen\u00ed.<\/h4><\/div>\n\n\n\n<!--script>\n\/* <![CDATA[ *\/var flickr_data={'photoset_id':'72157707082868541','user_id':'137711999@N06'};\n\/* ]]> *\/<\/script>\n[xyz-ips snippet=\"flickr-json-get-album-INFO\"]\n-->\n\n\n\n<hr class=\"wp-block-separator\"\/>\n\n\n<div id='gallery-1' class='gallery galleryid-2500 gallery-columns-4 gallery-size-thumbnail'><figure class='gallery-item'>\n\t\t\t<div class='gallery-icon landscape'>\n\t\t\t\t<a href='https:\/\/www.forestis.cz\/cz\/?attachment_id=4044'><img loading=\"lazy\" decoding=\"async\" width=\"200\" height=\"200\" src=\"https:\/\/www.forestis.cz\/cz\/wp-content\/uploads\/2019\/11\/33853391008_4ffd421963_k-200x200.jpg\" class=\"attachment-thumbnail size-thumbnail\" alt=\"\" aria-describedby=\"gallery-1-4044\" srcset=\"https:\/\/www.forestis.cz\/cz\/wp-content\/uploads\/2019\/11\/33853391008_4ffd421963_k-200x200.jpg 200w, https:\/\/www.forestis.cz\/cz\/wp-content\/uploads\/2019\/11\/33853391008_4ffd421963_k-150x150.jpg 150w\" sizes=\"auto, (max-width: 200px) 100vw, 200px\" \/><\/a>\n\t\t\t<\/div>\n\t\t\t\t<figcaption class='wp-caption-text gallery-caption' id='gallery-1-4044'>\n\t\t\t\tV\u00fdsadba d\u0159evin a p\u011bstebn\u00ed \u010dinnost\n\t\t\t\t<\/figcaption><\/figure><figure class='gallery-item'>\n\t\t\t<div class='gallery-icon '>\n\t\t\t\t<a href='https:\/\/www.forestis.cz\/cz\/?attachment_id=4400'><img decoding=\"async\" src=\"https:\/\/live.staticflickr.com\/65535\/33853391008_c4b97081d1_c.jpg\" class=\"attachment-thumbnail size-thumbnail\" alt=\"V\u00fdsadba d\u0159evin a p\u011bstebn\u00ed \u010dinnost\" \/><\/a>\n\t\t\t<\/div><\/figure>\n\t\t<\/div>\n\n","protected":false},"excerpt":{"rendered":"<p>Nej\u010dast\u011bji s\u00e1z\u00edme sm\u011bs buku, jedle a douglasky. V men\u0161\u00ed m\u00ed\u0159e pak dopl\u0148ujeme javor klen a l\u00edpu malolistou. U smrku vyu\u017e\u00edv\u00e1me p\u0159irozen\u00e9 zmlazen\u00ed.<\/p>\n","protected":false},"author":3048,"featured_media":4400,"parent":2497,"menu_order":0,"comment_status":"closed","ping_status":"closed","template":"page-full_width.php","meta":{"footnotes":""},"class_list":["post-2500","page","type-page","status-publish","has-post-thumbnail","hentry"],"_links":{"self":[{"href":"https:\/\/www.forestis.cz\/cz\/index.php?rest_route=\/wp\/v2\/pages\/2500","targetHints":{"allow":["GET"]}}],"collection":[{"href":"https:\/\/www.forestis.cz\/cz\/index.php?rest_route=\/wp\/v2\/pages"}],"about":[{"href":"https:\/\/www.forestis.cz\/cz\/index.php?rest_route=\/wp\/v2\/types\/page"}],"author":[{"embeddable":true,"href":"https:\/\/www.forestis.cz\/cz\/index.php?rest_route=\/wp\/v2\/users\/3048"}],"replies":[{"embeddable":true,"href":"https:\/\/www.forestis.cz\/cz\/index.php?rest_route=%2Fwp%2Fv2%2Fcomments&post=2500"}],"version-history":[{"count":17,"href":"https:\/\/www.forestis.cz\/cz\/index.php?rest_route=\/wp\/v2\/pages\/2500\/revisions"}],"predecessor-version":[{"id":5566,"href":"https:\/\/www.forestis.cz\/cz\/index.php?rest_route=\/wp\/v2\/pages\/2500\/revisions\/5566"}],"up":[{"embeddable":true,"href":"https:\/\/www.forestis.cz\/cz\/index.php?rest_route=\/wp\/v2\/pages\/2497"}],"wp:featuredmedia":[{"embeddable":true,"href":"https:\/\/www.forestis.cz\/cz\/index.php?rest_route=\/wp\/v2\/media\/4400"}],"wp:attachment":[{"href":"https:\/\/www.forestis.cz\/cz\/index.php?rest_route=%2Fwp%2Fv2%2Fmedia&parent=2500"}],"curies":[{"name":"wp","href":"https:\/\/api.w.org\/{rel}","templated":true}]}}